{"id":52,"date":"2019-02-28T09:28:10","date_gmt":"2019-02-28T09:28:10","guid":{"rendered":"https:\/\/demo.alexgavard.com\/?page_id=52"},"modified":"2023-11-29T19:39:12","modified_gmt":"2023-11-29T19:39:12","slug":"bio","status":"publish","type":"page","link":"https:\/\/angelswhisper-official.com\/fr\/bio\/","title":{"rendered":"Biographie"},"content":{"rendered":"<p>Le groupe Angel\u2019s Whisper est ne\u0301 d\u2019une rencontre amicale et professionnelle entre Freddy Mazzucco et Nathalie Pellissier alors que Freddy Mazzucco rentrait apre\u0300s 12 ans passe\u0301s aux Etats Unis.<\/p>\n<p>De retour sur la Co\u0302te d\u2019Azur apre\u0300s avoir passe\u0301 12 anne\u0301es a\u0300 co\u0302toyer des artistes et travaille\u0301 dans de prestigieux studios d\u2019enregistrements de New-York et du New- Jersey, Freddy Mazzucco (guitariste-auteur, compositeur et producteur) de\u0301cide de cre\u0301er le groupe Angel\u2019s Whisper groupe rock, classic rock.<\/p>\n<p><div class=\"image\"><img loading=\"lazy\" decoding=\"async\" class=\"alignnone size-full wp-image-16\" src=\"https:\/\/angelswhisper-official.com\/wp-content\/uploads\/2019\/02\/img1r.jpg\" alt=\"\" width=\"800\" height=\"525\" srcset=\"https:\/\/angelswhisper-official.com\/wp-content\/uploads\/2019\/02\/img1r.jpg 800w, https:\/\/angelswhisper-official.com\/wp-content\/uploads\/2019\/02\/img1r-600x394.jpg 600w, https:\/\/angelswhisper-official.com\/wp-content\/uploads\/2019\/02\/img1r-300x197.jpg 300w, https:\/\/angelswhisper-official.com\/wp-content\/uploads\/2019\/02\/img1r-768x504.jpg 768w, https:\/\/angelswhisper-official.com\/wp-content\/uploads\/2019\/02\/img1r-500x328.jpg 500w\" sizes=\"auto, (max-width: 800px) 100vw, 800px\" \/><\/div><\/p>\n<p>En 2009, avec la chanteuse de rock Nathalie Pellissier et des musiciens de studio, ils enregistrent leur premier album en Franc\u0327ais intitule\u0301 \u00ab\u00a0Ailleurs\u00a0\u00bb.<\/p>\n<p>En 2011, Angel\u2019s Whisper commence l\u2019enregistrement de leur deuxie\u0300me album intitule\u0301 \u00ab Strange Days \u00bb<br \/>\nCelui-ci sera en Anglais, l\u2019album est entie\u0300rement re\u0301alise\u0301 avec des musiciens Belges, Sue\u0301dois et Franc\u0327ais.<br \/>\nL&rsquo;album est enregistre\u0301 en Belgique, au studio \u00ab\u00a0Noise Factory\u00a0\u00bb par Ge\u0301rald Jans et mixe\u0301 en Sue\u0300de au studio \u00ab\u00a0Underground\u00a0\u00bb par Pelle Saether.<br \/>\nLe design de la pochette a e\u0301te\u0301 re\u0301alise\u0301 par Mike Lombard.<br \/>\nEn 2013 ,Freddy Mazzucco et Nathalie Pellissier de\u0301cident de quitter le sud de la France pour s\u2019installer a\u0300 co\u0302te\u0301 du Luxembourg . La place est strate\u0301gique pour la promotion et la culture du rock avec les pays qui l\u2019entoure.<\/p>\n<p>De nombreux articles a\u0300 travers la presse et les sites internet de tous pays d\u2019Europe tels que Danemark, Angleterre, Sue\u0300de suivront l\u2019envol de l\u2019album.<\/p>\n<p>Ces quatre dernie\u0300res anne\u0301es, Angel\u2019s Whisper s\u2019est produit sur de nombreuses sce\u0300nes en trio acoustique avec des chansons ine\u0301dites, accompagne\u0301 par le guitariste Mike Christmann (Elysian Gates).<\/p>\n<p>En 2018, Freddy Mazzucco et Nathalie Pellissier retournent en studio chez Noise Factory et commencent l\u2019enregistrement de leur 3e album \u00ab The Battle \u00bb Le groupe est aujourd\u2019hui de nouveau en formation e\u0301lectrique, avec le batteur Marcus Weymaere, le bassiste Alain Rinallo et Luca au clavier. Le single est mixe\u0301 et masterise\u0301 par Alessandro Del Vecchio \/Yvorytears Music Work. Le single sort de\u0301but De\u0301cembre 2018, il sera suivi de la sortie d\u2019un album courant 2019.<br \/>\nApr\u00e8s la sortie de The Battle, le groupe a publi\u00e9 une vid\u00e9o de son titre \u00ab The Phone Call \u00bb et \u00ab\u00a0Am I going Crazy\u00a0\u00bb<br \/>\nLes ann\u00e9es 2020 et 2021, le COVID a perturb\u00e9 tous les festivals et les concerts.<br \/>\nD\u00e9cembre 2020, Angel&rsquo;s Whisper sort sa chanson de No\u00ebl \u00abStay with me for Christmas\u00bb.<br \/>\nD\u00e9cembre 2021, Angel&rsquo;s Whisper sort la vid\u00e9o accompagnant sa chanson, clip vid\u00e9o tourn\u00e9 au c\u00e9l\u00e8bre Ch\u00e2teau D&rsquo;Urspelt.<br \/>\nPar la suite, le groupe a fait une pause et s&rsquo;est fait plaisir en montant sur sc\u00e8nes quelques fois pour des events ou des soir\u00e9es \u00ab corporate \u00bb pour nos partenaires.<br \/>\nFreddy et Nathalie appr\u00e9ciant vraiment de jouer sur sc\u00e8ne avec leurs musiciens en acoustique, le groupe a d\u00e9cid\u00e9 de rentrer en studio \u00e0 Li\u00e8ge au Studio A.R de Alain Rinallo et Angelo Crisci pour mettre certains de ses morceaux in\u00e9dits sur un EP (6 titres) qui sortira au 1er semestre 2024. Les morceaux seront mix\u00e9s et masteris\u00e9s en Belgique par Gerald Jans au studio Noise Factory.<\/p>\n","protected":false},"excerpt":{"rendered":"<p>Le groupe Angel\u2019s Whisper est ne\u0301 d\u2019une rencontre amicale et professionnelle entre Freddy Mazzucco et Nathalie Pellissier alors que Freddy Mazzucco rentrait apre\u0300s 12 ans passe\u0301s aux Etats Unis. De retour sur la Co\u0302te d\u2019Azur apre\u0300s avoir passe\u0301 12 anne\u0301es a\u0300 co\u0302toyer des artistes et travaille\u0301 dans de prestigieux studios d\u2019enregistrements de New-York et du [&hellip;]<\/p>\n","protected":false},"author":1,"featured_media":53,"parent":0,"menu_order":0,"comment_status":"closed","ping_status":"closed","template":"","meta":{"footnotes":""},"class_list":["post-52","page","type-page","status-publish","has-post-thumbnail","hentry"],"_links":{"self":[{"href":"https:\/\/angelswhisper-official.com\/fr\/wp-json\/wp\/v2\/pages\/52","targetHints":{"allow":["GET"]}}],"collection":[{"href":"https:\/\/angelswhisper-official.com\/fr\/wp-json\/wp\/v2\/pages"}],"about":[{"href":"https:\/\/angelswhisper-official.com\/fr\/wp-json\/wp\/v2\/types\/page"}],"author":[{"embeddable":true,"href":"https:\/\/angelswhisper-official.com\/fr\/wp-json\/wp\/v2\/users\/1"}],"replies":[{"embeddable":true,"href":"https:\/\/angelswhisper-official.com\/fr\/wp-json\/wp\/v2\/comments?post=52"}],"version-history":[{"count":6,"href":"https:\/\/angelswhisper-official.com\/fr\/wp-json\/wp\/v2\/pages\/52\/revisions"}],"predecessor-version":[{"id":993,"href":"https:\/\/angelswhisper-official.com\/fr\/wp-json\/wp\/v2\/pages\/52\/revisions\/993"}],"wp:featuredmedia":[{"embeddable":true,"href":"https:\/\/angelswhisper-official.com\/fr\/wp-json\/wp\/v2\/media\/53"}],"wp:attachment":[{"href":"https:\/\/angelswhisper-official.com\/fr\/wp-json\/wp\/v2\/media?parent=52"}],"curies":[{"name":"wp","href":"https:\/\/api.w.org\/{rel}","templated":true}]}}